{"id":2582,"date":"2024-08-04T20:31:59","date_gmt":"2024-08-04T18:31:59","guid":{"rendered":"https:\/\/alerteinfo.com\/?page_id=2582"},"modified":"2026-05-06T02:06:38","modified_gmt":"2026-05-06T00:06:38","slug":"sap","status":"publish","type":"page","link":"https:\/\/alerteinfo.com\/?page_id=2582","title":{"rendered":"SAP"},"content":{"rendered":"<div class=\"brz brz-root__container brz-reset-all brz-root__container-page\">\n<section id=\"wqBONpWA1_yM_wqBONpWA1_yM\" class=\"brz-section brz-css-1rvsmo7 brz-css-1lsa32s\">\n<div class=\"brz-section__content brz-section--boxed brz-css-17zkxwh brz-css-a1ikcj\" data-brz-custom-id=\"sS_LygXiIrFz\">\n<div class=\"brz-bg\">\n<div class=\"brz-bg-color\"><\/div>\n<\/div>\n<div class=\"brz-container brz-css-1a236m1 brz-css-d8fajh\">\n<div class=\"brz-row__container brz-css-1bfcwzl brz-css-1n1orm\" data-brz-custom-id=\"n7lkrtmrfxhm\">\n<div class=\"brz-row brz-css-lqswpy brz-css-18z6fop brz-css-1871668\">\n<div class=\"brz-columns brz-css-1xl0a8r brz-css-1djuppf\" data-brz-custom-id=\"jF0ZtrfgOdRX\">\n<div class=\"brz-column__items brz-css-d1ns9s brz-css-19n9mt3\">\n<div id=\"\" class=\"brz-css-1xyl5zc brz-css-4cwoxr brz-wrapper\">\n<div class=\"brz-image brz-css-1xn9d00 brz-css-1s3lcoy\" data-brz-custom-id=\"lc6ojs2sPOly\"><a class=\"brz-a\" href=\"https:\/\/alerteinfo.com\" target=\"_self\" rel=\"noopener\" data-brz-link-type=\"external\"><img decoding=\"async\" class=\"brz-img\" src=\"https:\/\/alerteinfo.com\/?brizy_media=wp-e77130a8a267097f982bfcb8afc73fd7.png&amp;brizy_crop=iW%3D144%26iH%3D160%26oX%3D0%26oY%3D3%26cW%3D144%26cH%3D156\" loading=\"lazy\" alt=\"\" title=\"20251008Logovisuelbureau\"><\/a><\/div>\n<\/div>\n<\/div>\n<\/div>\n<div class=\"brz-columns brz-css-1xl0a8r brz-css-j7m90l\" data-brz-custom-id=\"bij535ykh020\">\n<div class=\"brz-column__items brz-css-d1ns9s brz-css-1lyvmre\">\n<div id=\"\" class=\"brz-css-1xyl5zc brz-css-1v8u3jv brz-wrapper\">\n<div class=\"brz-rich-text brz-rich-text__custom brz-css-7yt5xx brz-css-1o86uaw\" data-brz-custom-id=\"bkg1EYyjSHVv\">\n<div data-brz-translate-text=\"1\">\n<p class=\"brz-fs-lg-34 brz-ft-google brz-ff-overpass brz-tp-lg-empty brz-fsft-lg-0 brz-fwdth-lg-100 brz-vfw-lg-400 brz-lh-lg-1_9 brz-ls-lg-0 brz-fw-lg-400 brz-fss-lg-px brz-text-lg-center brz-css-mRJ5b\" data-generated-css=\"brz-css-swE6a\" data-uniq-id=\"idkAZ\"><span class=\"brz-cp-color2\">PRENDRE UN RENDEZ-VOUS<\/span><\/p>\n<p class=\"brz-fs-lg-34 brz-ft-google brz-ff-overpass brz-tp-lg-empty brz-fsft-lg-0 brz-fwdth-lg-100 brz-vfw-lg-400 brz-lh-lg-1_9 brz-ls-lg-0 brz-fw-lg-400 brz-fss-lg-px brz-text-lg-center brz-css-dBZ3l\" data-generated-css=\"brz-css-swE6a\" data-uniq-id=\"idkAZ\"><span class=\"brz-cp-color2\">Service \u00e0 la personne <\/span><\/p>\n<\/div>\n<\/div>\n<\/div>\n<\/div>\n<\/div>\n<div class=\"brz-columns brz-css-1xl0a8r brz-css-jabc56\" data-brz-custom-id=\"a1BUKPWvm_oY\">\n<div class=\"brz-column__items brz-css-d1ns9s brz-css-1fszctn\">\n<div id=\"\" class=\"brz-css-1xyl5zc brz-css-1gdcwbm brz-wrapper\">\n<div class=\"brz-rich-text brz-rich-text__custom brz-css-7yt5xx brz-css-76dez1\" data-brz-custom-id=\"mlfKQwEng8Ad\">\n<div data-brz-translate-text=\"1\">\n<p class=\"brz-text-lg-center brz-fw-xs-400 brz-fw-sm-400 brz-fw-lg-400 brz-ft-google brz-ff-overpass brz-ls-xs-0 brz-ls-sm-0 brz-ls-lg-0 brz-fs-xs-15 brz-fs-sm-15 brz-fs-lg-16 brz-lh-xs-1_6 brz-lh-sm-1_6 brz-lh-lg-1_9 brz-mt-lg-7 brz-css-qq8qF\" data-uniq-id=\"hcW1V\" data-generated-css=\"brz-css-wcVZx\"><span class=\"brz-cp-color1\">02.40.56.49.65 <\/span><\/p>\n<\/div>\n<\/div>\n<\/div>\n<div class=\"brz-wrapper-clone brz-flex-xs-wrap brz-css-1kk9w53 brz-css-1vemj7a\" data-brz-custom-id=\"blkSBYgGHOKK\"><a class=\"brz-a brz-btn brz-css-1kgjoc6 brz-css-16j51jm brz-css-8470tx brz-css-1iibsib\" href=\"https:\/\/get.teamviewer.com\/6kpe2te\" target=\"_self\" rel=\"noopener\" data-brz-link-type=\"external\" data-brz-custom-id=\"mIAXMH2d3jPO\"><span data-brz-translate-text=\"1\" class=\"brz-span brz-text__editor\">Assistance<\/span><\/a><\/div>\n<\/div>\n<\/div>\n<\/div>\n<\/div>\n<\/div>\n<\/div>\n<\/section>\n<section id=\"ojREOwM_xVc__ojREOwM_xVc_\" class=\"brz-section brz-css-xuqaui brz-css-13tf534\">\n<div class=\"brz-section__content brz-section--boxed brz-css-mw7unu brz-css-150glnt\" data-brz-custom-id=\"h_EdYRgKHPPS\">\n<div class=\"brz-bg\">\n<div class=\"brz-bg-color\"><\/div>\n<\/div>\n<div class=\"brz-container brz-css-1hm0p8x brz-css-1k57jp5\">\n<div id=\"\" class=\"brz-css-vhawft brz-css-1r5esqv brz-wrapper\">\n<div class=\"brz-rich-text brz-rich-text__custom brz-css-q77mgy brz-css-1dkaad8\" data-brz-custom-id=\"oq8QqeyYdpmx\">\n<div data-brz-translate-text=\"1\">\n<p data-uniq-id=\"l5uNh\" data-generated-css=\"brz-css-kzXi2\" class=\"brz-tp-lg-empty brz-ff-overpass brz-ft-google brz-fs-lg-0 brz-fss-lg-px brz-fw-lg-400 brz-ls-lg-0 brz-lh-lg-1_9 brz-vfw-lg-400 brz-fwdth-lg-100 brz-fsft-lg-0 brz-css-nOVzu\"><\/p>\n<\/div>\n<\/div>\n<\/div>\n<div class=\"brz-row__container brz-css-4qf234 brz-css-4p9807\" data-brz-custom-id=\"iwZgUrAkdpm3\">\n<div class=\"brz-row brz-css-qf2bwd brz-css-1qq831o\">\n<div class=\"brz-columns brz-css-1kxxdv0 brz-css-199wr6x\" data-brz-custom-id=\"rPTiXLII1xXX\">\n<div class=\"brz-column__items brz-css-ctidwt brz-css-11i4mbn\">\n<div id=\"\" class=\"brz-css-vhawft brz-css-b60rub brz-wrapper\">\n<div class=\"brz-rich-text brz-rich-text__custom brz-css-q77mgy brz-css-1ejr3by\" data-brz-custom-id=\"xQ5mMeBgknfS\">\n<div data-brz-translate-text=\"1\">\n<p class=\"brz-text-lg-center brz-tp-lg-empty brz-ff-overpass brz-ft-google brz-fs-lg-19 brz-fss-lg-px brz-fw-lg-400 brz-ls-lg-0 brz-lh-lg-1_9 brz-vfw-lg-400 brz-fwdth-lg-100 brz-fsft-lg-0 brz-css-dgcw_\" data-uniq-id=\"hrv2f\" data-generated-css=\"brz-css-oIQr_\"><span class=\"brz-cp-color8\">S\u00e9lectionner la date et l&rsquo;horaire souhait\u00e9e,<\/span><\/p>\n<p class=\"brz-text-lg-center brz-tp-lg-empty brz-ff-overpass brz-ft-google brz-fs-lg-19 brz-fss-lg-px brz-fw-lg-400 brz-ls-lg-0 brz-lh-lg-1_9 brz-vfw-lg-400 brz-fwdth-lg-100 brz-fsft-lg-0 brz-css-hFJ8u\" data-uniq-id=\"mocoL\" data-generated-css=\"brz-css-pWToj\"><span class=\"brz-cp-color8\"> nous vous appellerons pour confirmer le rendez-vous avec l&rsquo;un de nos techniciens.<\/span><\/p>\n<p class=\"brz-text-lg-center brz-tp-lg-empty brz-ff-overpass brz-ft-google brz-fs-lg-19 brz-fss-lg-px brz-fw-lg-400 brz-ls-lg-0 brz-lh-lg-1_9 brz-vfw-lg-400 brz-fwdth-lg-100 brz-fsft-lg-0 brz-css-qhK2S\" data-uniq-id=\"cDDGN\" data-generated-css=\"brz-css-rjyhA\"><u class=\"brz-cp-color8\">TARIF HORAIRE APRES CREDIT D&rsquo;IMP\u00d4T <\/u><\/p>\n<p class=\"brz-text-lg-center brz-tp-lg-empty brz-ff-overpass brz-ft-google brz-fs-lg-19 brz-fss-lg-px brz-fw-lg-400 brz-ls-lg-0 brz-lh-lg-1_9 brz-vfw-lg-400 brz-fwdth-lg-100 brz-fsft-lg-0 brz-css-nIqxl\" data-uniq-id=\"hD896\" data-generated-css=\"brz-css-mzpHP\"><span class=\"brz-cp-color8\">Service \u00e0 la personne<\/span><\/p>\n<p class=\"brz-text-lg-center brz-tp-lg-empty brz-ff-overpass brz-ft-google brz-fs-lg-19 brz-fss-lg-px brz-fw-lg-400 brz-ls-lg-0 brz-lh-lg-1_9 brz-vfw-lg-400 brz-fwdth-lg-100 brz-fsft-lg-0 brz-css-vAs1u\" data-uniq-id=\"pmdAf\" data-generated-css=\"brz-css-kILOK\"><span class=\"brz-cp-color8\">39,50 Euros TTC <\/span><\/p>\n<\/div>\n<\/div>\n<\/div>\n<\/div>\n<\/div>\n<\/div>\n<\/div>\n<div class=\"brz-row__container brz-css-4qf234 brz-css-1xmgl8m\" data-brz-custom-id=\"hSeDlU6kWLeb\">\n<div class=\"brz-row brz-css-qf2bwd brz-css-1ne8i5j\">\n<div class=\"brz-columns brz-css-1kxxdv0 brz-css-1jthhdh\" data-brz-custom-id=\"xcNdsj4BKwv9\">\n<div class=\"brz-column__items brz-css-ctidwt brz-css-1dq20i2\"><\/div>\n<\/div>\n<div class=\"brz-columns brz-css-1kxxdv0 brz-css-74tkt6\" data-brz-custom-id=\"oNMHF27HODab\">\n<div class=\"brz-column__items brz-css-ctidwt brz-css-18qargf\">\n<div id=\"\" class=\"brz-css-vhawft brz-css-1iyb39c brz-wrapper\">\n<div class=\"brz-wp-shortcode brz-css-ifjq7 brz-css-12mcgg0\" data-brz-custom-id=\"nfZJJBp6gSeF\">\n<div> <div id=\"form_id707745640046\" class=\"wpbc_container wpbc_form wpbc_container_booking_form wpbc_theme_dark_1\" ><form id=\"booking_form1\" class=\"booking_form vertical\" method=\"post\" action=\"\"><div id=\"ajax_respond_insert1\" class=\"ajax_respond_insert\" style=\"display:none;\"><\/div><a name=\"bklnk1\" id=\"bklnk1\"><\/a><div id=\"booking_form_div1\" class=\"booking_form_div\"><style type=\"text\/css\">.wpbc_container_booking_form .block_hints, .wpbc_booking_form_simple.wpbc_form_center .wpbc__form__div .wpbc__row.wpbc_r_calendar, .wpbc_booking_form_simple .wpbc__form__div .wpbc__row:not(.wpbc_r_calendar){max-width:440px;} <\/style>\n<div class=\"wpbc_booking_form_simple \">\n<div class=\"wpbc__row\">\n  <div class=\"wpbc__field\">\n    <div class=\"wpbc_calendar_wraper wpbc_change_over_triangle\"><div class=\"wpbc_cal_container bk_calendar_frame wpbc_no_custom_width  months_num_in_row_ cal_month_num_1 wpbc_timeslot_day_bg_as_available\" style=\"\"><div id=\"calendar_booking1\"  class=\"wpbc_calendar_id_1\" >\t<div class=\"calendar_loader_frame calendar_loader_frame1\"\r\n\t\tdata-wpbc-rid=\"1\"\r\n\t\tdata-wpbc-grace=\"8000\"\r\n\t\tstyle=\"--wpbc-loader-cols: 1;\"\r\n\t>\r\n\t\t<div class=\"calendar_loader_text\">Loading...<\/div>\r\n\t\t<div class=\"calendar_loader_frame__progress_line_container\">\r\n\t\t\t<div class=\"calendar_loader_frame__progress_line\"><\/div>\r\n\t\t<\/div>\r\n\t<\/div>\r\n\t<\/div><\/div><div style=\"font-size:7px;text-align:left;margin:0 0 10px;text-shadow: none;\">Powered by <a href=\"https:\/\/wpbookingcalendar.com\" style=\"font-size:7px;\" target=\"_blank\" title=\"Booking Calendar plugin for WordPress\">Booking Calendar<\/a><\/div><textarea id=\"date_booking1\" name=\"date_booking1\" autocomplete=\"off\" style=\"display:none;\"><\/textarea><div class=\"block_hints datepick \"><div class=\"wpdev_hint_with_text\"><div class=\"\"><div class=\"datepick-inline wpbc_calendar_legend_table_width_height\"><table class=\"datepick wpbc_calendar\" style=\"\"><tbody><tr><td class=\"datepick-days-cell date_available wpbc_calendar_legend_day_cell_height\"><div class=\"wpbc-cell-box\">\t<div class=\"date-cell-content\">\t\t<div class=\"date-content-top\"><\/div>\t\t<a>&nbsp;<\/a>\t\t<div class=\"date-content-bottom\"><\/div>\t<\/div><\/div><\/td><\/tr><\/tbody><\/table><\/div><\/div><div class=\"block_text\">- <\/div><div class=\"block_text\">Disponible<\/div><\/div><div class=\"wpdev_hint_with_text\"><div class=\"\"><div class=\"datepick-inline wpbc_calendar_legend_table_width_height\"><table class=\"datepick wpbc_calendar\" style=\"\"><tbody><tr><td class=\"datepick-days-cell datepick-unselectable date_user_unavailable full_day_booking date_approved wpbc_calendar_legend_day_cell_height\"><div class=\"wpbc-cell-box\">\t<div class=\"date-cell-content\">\t\t<div class=\"date-content-top\"><\/div>\t\t<span>&nbsp;<\/span>\t\t<div class=\"date-content-bottom\"><\/div>\t<\/div><\/div><\/td><\/tr><\/tbody><\/table><\/div><\/div><div class=\"block_text\">- <\/div><div class=\"block_text\">R\u00e9serv\u00e9<\/div><\/div><div class=\"wpdev_hint_with_text\"><div class=\"\"><div class=\"datepick-inline wpbc_calendar_legend_table_width_height\"><table class=\"datepick wpbc_calendar\" style=\"\"><tbody><tr><td class=\"datepick-days-cell datepick-unselectable date_user_unavailable full_day_booking date2approve wpbc_calendar_legend_day_cell_height\"><div class=\"wpbc-cell-box\">\t<div class=\"date-cell-content\">\t\t<div class=\"date-content-top\"><\/div>\t\t<span>&nbsp;<\/span>\t\t<div class=\"date-content-bottom\"><\/div>\t<\/div><\/div><\/td><\/tr><\/tbody><\/table><\/div><\/div><div class=\"block_text\">- <\/div><div class=\"block_text\">En attente<\/div><\/div><\/div><\/div>\n  <\/div>\n  <div class=\"wpbc__field\">\n<div class=\"wpbc__form__div\">\n\t\t\t<div class=\"wpbc__row\">\n\t\t\t\t<div class=\"wpbc_r_name wpbc__field\"> <label>First Name*<\/label><br><span class=\"wpbc_wrap_text wpdev-form-control-wrap name1\"><input type=\"text\" name=\"name1\" value=\"\" autocomplete=\"name\" class=\"wpdev-validates-as-required\" size=\"40\" \/><\/span> <\/div>\n\t\t\t<\/div>\n\t\t\t<div class=\"wpbc__row\">\n\t\t\t\t<div class=\"wpbc_r_secondname wpbc__field\"> <label>Last Name*<\/label><br><span class=\"wpbc_wrap_text wpdev-form-control-wrap secondname1\"><input type=\"text\" name=\"secondname1\" value=\"\" autocomplete=\"secondname\" class=\"wpdev-validates-as-required\" size=\"40\" \/><\/span> <\/div>\n\t\t\t<\/div>\n\t\t\t<div class=\"wpbc__row\">\n\t\t\t\t<div class=\"wpbc_r_email wpbc__field\"> <label>Email*<\/label><br><span class=\"wpbc_wrap_text wpdev-form-control-wrap email1\"><input type=\"email\" name=\"email1\" value=\"\" autocomplete=\"email\" class=\"wpdev-validates-as-email wpdev-validates-as-required\" size=\"40\" \/><\/span> <\/div>\n\t\t\t<\/div>\n\t\t\t<div class=\"wpbc__row\">\n\t\t\t\t<div class=\"wpbc_r_phone wpbc__field\"> <label>Phone<\/label><br><span class=\"wpbc_wrap_text wpdev-form-control-wrap phone1\"><input type=\"text\" name=\"phone1\" value=\"\" autocomplete=\"phone\" size=\"40\" \/><\/span> <\/div>\n\t\t\t<\/div>\n\t\t\t<div class=\"wpbc__row\">\n\t\t\t\t<div class=\"wpbc_r_details wpbc__field\"> <label>Details<\/label><br><span class=\"wpbc_wrap_textarea wpdev-form-control-wrap details1\"><textarea name=\"details1\" autocomplete=\"details\"><\/textarea><\/span> <\/div>\n\t\t\t<\/div>\n\t\t\t<div class=\"wpbc__row\">\n\t\t\t\t<div class=\"wpbc_r_captcha wpbc__field\"> <label><\/label><br><span class=\"wpbc_text_captcha_container wpdev-form-control-wrap \"><input  autocomplete=\"off\" type=\"hidden\" name=\"wpdev_captcha_challenge_1\"  id=\"wpdev_captcha_challenge_1\" value=\"2841770025\" \/><input  autocomplete=\"off\" type=\"text\" class=\"captachinput\" value=\"\" name=\"captcha_input1\" id=\"captcha_input1\" \/><img decoding=\"async\" class=\"captcha_img\"  id=\"captcha_img1\" alt=\"To show CAPTCHA, please deactivate cache plugin or exclude this page from caching or disable CAPTCHA at WP Booking Calendar - Settings General page in Form Options section.\" src=\"https:\/\/alerteinfo.com\/wp-content\/plugins\/booking\/js\/captcha\/tmp\/2841770025.png\" \/><\/span> <\/div>\n\t\t\t<\/div>\n\t\t\t<div class=\"wpbc__row\">\n\t\t\t\t<div class=\"wpbc_r_submit wpbc__field\"><input type=\"button\" value=\"Envoyer\" class=\"wpbc_button_light  btn btn\" onclick=\"wpbc_booking_form_submit(this.form,1, 'fr_FR');\" \/> <\/div>\n\t\t\t<\/div>\n<\/div>\n\t<\/div>\n\t<\/div>\n<\/div><input id=\"bk_type1\" name=\"bk_type1\" class=\"\" type=\"hidden\" value=\"1\" \/><\/div><div id=\"submiting1\"><\/div><div class=\"form_bk_messages\" id=\"form_bk_messages1\" ><\/div><input type=\"hidden\" id=\"wpbc_nonceCALCULATE_THE_COST1\" name=\"wpbc_nonceCALCULATE_THE_COST1\" value=\"691ba9c990\" \/><input type=\"hidden\" name=\"_wp_http_referer\" value=\"\/index.php?rest_route=%2Fwp%2Fv2%2Fpages%2F2582\" \/><\/form><\/div><div id=\"booking_form_garbage1\" class=\"booking_form_garbage\"><\/div> <\/div>\n<\/div>\n<\/div>\n<\/div>\n<\/div>\n<div class=\"brz-columns brz-css-1kxxdv0 brz-css-eigkul\" data-brz-custom-id=\"vE4iAjbE07I1\">\n<div class=\"brz-column__items brz-css-ctidwt brz-css-2beh2e\"><\/div>\n<\/div>\n<\/div>\n<\/div>\n<\/div>\n<\/div>\n<\/section>\n<section id=\"uog8K2OJGGdL_uog8K2OJGGdL\" class=\"brz-section brz-css-uyk9rf brz-css-1fjtngp\">\n<div class=\"brz-section__content brz-section--boxed brz-css-v1gc02 brz-css-v6ha0x\" data-brz-custom-id=\"vHeBhyBUEW6O\">\n<div class=\"brz-bg\">\n<div class=\"brz-bg-color\"><\/div>\n<\/div>\n<div class=\"brz-container brz-css-1idl39o brz-css-t39yzd\">\n<div id=\"\" class=\"brz-css-fi5asf brz-css-jn9d52 brz-wrapper\"><\/div>\n<div id=\"\" class=\"brz-css-fi5asf brz-css-k2ud7f brz-wrapper\">\n<div class=\"brz-rich-text brz-rich-text__custom brz-css-137u319 brz-css-oc07en\" data-brz-custom-id=\"gHdPPvWE_EYQ\">\n<div data-brz-translate-text=\"1\">\n<p class=\"brz-lh-lg-1_5 brz-ls-lg-0 brz-fw-lg-400 brz-fss-lg-px brz-fs-lg-15 brz-ft-google brz-ff-montserrat brz-tp-lg-empty brz-mt-lg-0 brz-text-lg-center brz-lh-sm-1_6 brz-lh-xs-1_6 brz-ls-sm-0 brz-ls-xs-0 brz-fw-sm-400 brz-fw-xs-400 brz-fs-sm-15 brz-fs-xs-15 brz-css-a6Tp9\" data-uniq-id=\"bvztn\" data-generated-css=\"brz-css-pAXuS\"><span class=\"brz-cp-color8\" style=\"opacity: 1\">Copyright \u00a9 2024 Groupe A2 EXPERTS &#8211; Tous droits r\u00e9serv\u00e9s<\/span><\/p>\n<\/div>\n<\/div>\n<\/div>\n<\/div>\n<\/div>\n<\/section><\/div>\n<p><!-- version:1761525685 --><\/p>\n","protected":false},"excerpt":{"rendered":"<p>PRENDRE UN RENDEZ-VOUS Service \u00e0 la personne 02.40.56.49.65 Assistance S\u00e9lectionner la date et l&rsquo;horaire souhait\u00e9e, nous vous appellerons pour confirmer le rendez-vous avec l&rsquo;un de nos techniciens. TARIF HORAIRE APRES CREDIT D&rsquo;IMP\u00d4T Service \u00e0 la personne 39,50 Euros TTC Copyright \u00a9 2024 Groupe A2 EXPERTS &#8211; Tous droits r\u00e9serv\u00e9s<\/p>\n","protected":false},"author":1,"featured_media":0,"parent":1137,"menu_order":0,"comment_status":"closed","ping_status":"closed","template":"brizy-blank-template.php","meta":{"footnotes":""},"class_list":["post-2582","page","type-page","status-publish","hentry"],"brizy_media":[{"id":2823,"url":"https:\/\/alerteinfo.com\/wp-content\/uploads\/2025\/10\/20251008Logovisuelbureau-scaled.png","name":"20251008Logovisuelbureau.png","meta":{"brizy_attachment_uid":"wp-e77130a8a267097f982bfcb8afc73fd7.png","brizy_post_uid":["a61e87244102af0e90d3d13ac495b4f9","d06d67663d6d0dad1063e5bb9e74cf8f"]}}],"_links":{"self":[{"href":"https:\/\/alerteinfo.com\/index.php?rest_route=\/wp\/v2\/pages\/2582","targetHints":{"allow":["GET"]}}],"collection":[{"href":"https:\/\/alerteinfo.com\/index.php?rest_route=\/wp\/v2\/pages"}],"about":[{"href":"https:\/\/alerteinfo.com\/index.php?rest_route=\/wp\/v2\/types\/page"}],"author":[{"embeddable":true,"href":"https:\/\/alerteinfo.com\/index.php?rest_route=\/wp\/v2\/users\/1"}],"replies":[{"embeddable":true,"href":"https:\/\/alerteinfo.com\/index.php?rest_route=%2Fwp%2Fv2%2Fcomments&post=2582"}],"version-history":[{"count":21,"href":"https:\/\/alerteinfo.com\/index.php?rest_route=\/wp\/v2\/pages\/2582\/revisions"}],"predecessor-version":[{"id":2875,"href":"https:\/\/alerteinfo.com\/index.php?rest_route=\/wp\/v2\/pages\/2582\/revisions\/2875"}],"up":[{"embeddable":true,"href":"https:\/\/alerteinfo.com\/index.php?rest_route=\/wp\/v2\/pages\/1137"}],"wp:attachment":[{"href":"https:\/\/alerteinfo.com\/index.php?rest_route=%2Fwp%2Fv2%2Fmedia&parent=2582"}],"curies":[{"name":"wp","href":"https:\/\/api.w.org\/{rel}","templated":true}]}}