{"id":1189,"date":"2022-02-21T00:04:27","date_gmt":"2022-02-20T23:04:27","guid":{"rendered":"https:\/\/alerteinfo.com\/?page_id=1189"},"modified":"2026-04-06T21:36:19","modified_gmt":"2026-04-06T19:36:19","slug":"one-page-express-2-2","status":"publish","type":"page","link":"https:\/\/alerteinfo.com\/?page_id=1189","title":{"rendered":"mentions"},"content":{"rendered":"<div class=\"brz brz-root__container brz-reset-all brz-root__container-page\"><section id=\"hfnmK6OIxn_w_hfnmK6OIxn_w\" class=\"brz-section brz-css-1k1kd8x brz-css-97169h\"><div class=\"brz-section__content brz-section--fullWidth brz-css-1ugtf4g brz-css-8os9gm\" data-brz-custom-id=\"vQ6_kczGxz8U\"><div class=\"brz-bg\"><div class=\"brz-bg-color\"><\/div><\/div><div class=\"brz-container brz-css-1pc6zd8 brz-css-173iz4l\"><div class=\"brz-row__container brz-css-111uzxp brz-css-wdqvin\" data-brz-custom-id=\"o_4snhDyKxsJ\"><div class=\"brz-row brz-css-1hsyt35 brz-css-5isucq brz-css-1p1ey4y\"><div class=\"brz-columns brz-css-192aoej brz-css-ejizza\" data-brz-custom-id=\"oQoL2Tmo5JuN\"><div class=\"brz-column__items brz-css-65yldl brz-css-m8ms5t\"><div id=\"\" class=\"brz-css-liihhh brz-css-6zph0s brz-wrapper\"><div class=\"brz-image brz-css-1tulbmi brz-css-y4hhdq\" data-brz-custom-id=\"tBqBDY6PhrbR\"><a class=\"brz-a\" href=\"https:\/\/alerteinfo.com\" target=\"_self\" rel=\"noopener\" data-brz-link-type=\"external\"><img decoding=\"async\" class=\"brz-img\" src=\"https:\/\/alerteinfo.com\/?brizy_media=wp-7879cdd11e5bfb1110dfc1499093fe69.png&amp;brizy_crop=iW%3D355%26iH%3D121%26oX%3D0%26oY%3D7%26cW%3D355%26cH%3D115\" loading=\"lazy\" alt=\"\" title=\"Logo horizontal\"><\/a><\/div><\/div><\/div><\/div><div class=\"brz-columns brz-css-192aoej brz-css-1kqh39g\" data-brz-custom-id=\"jLIVkqFegRbf\"><div class=\"brz-column__items brz-css-65yldl brz-css-190utaq\"><div id=\"\" class=\"brz-css-liihhh brz-css-saezpn brz-wrapper\"><div class=\"brz-rich-text brz-rich-text__custom brz-css-axhp78 brz-css-6l9pwq\" data-brz-custom-id=\"x9zX4PZVA_Rw\"><div data-brz-translate-text=\"1\"><p class=\"brz-fs-lg-34 brz-ft-google brz-ff-overpass brz-tp-lg-empty brz-fsft-lg-0 brz-fwdth-lg-100 brz-vfw-lg-400 brz-lh-lg-1_9 brz-ls-lg-0 brz-fw-lg-400 brz-fss-lg-px brz-text-lg-center brz-css-t66vS\" data-generated-css=\"brz-css-cvnKW\" data-uniq-id=\"jdmU9\"><span class=\"brz-cp-color2\">MENTIONS LEGALES &#8211; RGPD<\/span><\/p><\/div><\/div><\/div><\/div><\/div><div class=\"brz-columns brz-css-192aoej brz-css-oezz4z\" data-brz-custom-id=\"zBFNyjQYTgH1\"><div class=\"brz-column__items brz-css-65yldl brz-css-xokd6l\"><\/div><\/div><\/div><\/div><\/div><\/div><\/section>\n    \n<section id=\"ciysdnhjrlbbeeyqehqonsixmgfgpmkjbald_ciysdnhjrlbbeeyqehqonsixmgfgpmkjbald\" class=\"brz-section brz-css-12buihb brz-css-ifbxpr\"><div class=\"brz-section__content brz-section--boxed brz-css-1do2xyj brz-css-koesq9\" data-brz-custom-id=\"opakiropkuocptxkknyassrggbzxvbdrkxst\"><div class=\"brz-container brz-css-3pj1g9 brz-css-1yk8p2n\"><div id=\"\" class=\"brz-css-1otbdh6 brz-css-mx1yp1 brz-wrapper\"><div class=\"brz-rich-text brz-rich-text__custom brz-css-1b3yb5x brz-css-zixv02\" data-brz-custom-id=\"zybywzfwwpjnhsgaadslhvjbkesfuehnlptv\"><div data-brz-translate-text=\"1\"><p class=\"brz-text-lg-center brz-fs-lg-20 brz-fs-sm-21 brz-fs-xs-21 brz-css-iI_hc\" data-generated-css=\"brz-css-bnDBw\" data-uniq-id=\"ck_Ht\"><span class=\"brz-cp-color7\">Alerte Informatique est l&rsquo;activit\u00e9 grand public de la SAS Groupe A2 EXPERTS. <\/span><\/p><p class=\"brz-text-lg-center brz-fs-lg-20 brz-fs-sm-21 brz-fs-xs-21 brz-css-mFSSy\" data-generated-css=\"brz-css-jA_Ai\" data-uniq-id=\"tZHJT\"><span class=\"brz-cp-color7\"> <\/span><\/p><p class=\"brz-text-lg-center brz-fs-lg-20 brz-fs-sm-21 brz-fs-xs-21 brz-css-kUfUm\" data-generated-css=\"brz-css-b3HSc\" data-uniq-id=\"k_EI3\"><span class=\"brz-cp-color7\">GROUPE A2EXPERTS est une Soci\u00e9t\u00e9 par Actions Simplifi\u00e9es au capital de 20 000 euros<\/span><\/p><p class=\"brz-text-lg-center brz-fs-lg-20 brz-fs-sm-21 brz-fs-xs-21 brz-css-wPidX\" data-generated-css=\"brz-css-uPF_X\" data-uniq-id=\"n1UnG\"><span class=\"brz-cp-color7\">186 bis rue des Coupries &#8211; 44115 BASSE-GOULAINE<\/span><\/p><p class=\"brz-text-lg-center brz-fs-lg-20 brz-fs-sm-21 brz-fs-xs-21 brz-css-tJUgy\" data-generated-css=\"brz-css-sEMLn\" data-uniq-id=\"yWO5F\"><span class=\"brz-cp-color7\">T\u00e9l : 02.40.56.49.65 <\/span><\/p><p class=\"brz-text-lg-center brz-fs-lg-20 brz-fs-sm-21 brz-fs-xs-21 brz-css-kf0K7\" data-generated-css=\"brz-css-eds95\" data-uniq-id=\"bGPlq\"><strong class=\"brz-cp-color7\">Num\u00e9ro Siret&nbsp;: <\/strong><span class=\"brz-cp-color7\">85171497200011 (si\u00e8ge de l&rsquo;entreprise)<\/span><\/p><p class=\"brz-text-lg-center brz-fs-lg-20 brz-fs-sm-21 brz-fs-xs-21 brz-css-xx56q\" data-generated-css=\"brz-css-rQpzj\" data-uniq-id=\"tfSnK\"><strong class=\"brz-cp-color7\">Num\u00e9ro TVA intracommunautaire&nbsp;: <\/strong><span class=\"brz-cp-color7\">FR28851714972<\/span><\/p><p class=\"brz-text-lg-center brz-fs-lg-20 brz-fs-sm-21 brz-fs-xs-21 brz-css-aGTE4\" data-generated-css=\"brz-css-lQUM8\" data-uniq-id=\"a48Zt\"><strong class=\"brz-cp-color7\">Greffe&nbsp;: <\/strong><span class=\"brz-cp-color7\">RCS Nantes immatricul\u00e9e le 01\/07\/2019<\/span><\/p><p class=\"brz-text-lg-center brz-fs-lg-20 brz-fs-sm-21 brz-fs-xs-21 brz-css-lEbJW\" data-generated-css=\"brz-css-fIsPi\" data-uniq-id=\"sk5ng\"><strong class=\"brz-cp-color7\">Code NAF \/ APE&nbsp;: <\/strong><span class=\"brz-cp-color7\">6202A (conseil en syst\u00e8mes et logiciels informatiques)<\/span><\/p><p class=\"brz-text-lg-center brz-fs-lg-20 brz-fs-sm-21 brz-fs-xs-21 brz-css-eVegN\" data-generated-css=\"brz-css-w5nRF\" data-uniq-id=\"nei4v\"><br><\/p><p class=\"brz-text-lg-center brz-fs-lg-20 brz-fs-sm-21 brz-fs-xs-21 brz-css-lMyZV\" data-generated-css=\"brz-css-pE4tM\" data-uniq-id=\"eAUdA\"><span class=\"brz-cp-color7\"> <\/span><\/p><p class=\"brz-text-lg-center brz-fs-lg-20 brz-fs-sm-21 brz-fs-xs-21 brz-css-w7GOp\" data-generated-css=\"brz-css-mD_qx\" data-uniq-id=\"ii9vk\"><span class=\"brz-cp-color7\"> <\/span><\/p><h4 class=\"brz-tp-lg-heading4 brz-text-lg-center brz-fs-lg-20 brz-fs-sm-21 brz-fs-xs-21 brz-css-n6BiK\" data-generated-css=\"brz-css-lbFvD\" data-uniq-id=\"nkrbf\"><span class=\"brz-cp-color7\">Autre \u00e9tablissement : INFO-PRO Professionnels &amp; Particuliers \u00e0 Cou\u00ebron (44220)<\/span><\/h4><p class=\"brz-text-lg-center brz-fs-lg-20 brz-fs-sm-21 brz-fs-xs-21 brz-css-eXPYD\" data-generated-css=\"brz-css-uo7Aa\" data-uniq-id=\"bZ_nm\"><strong class=\"brz-cp-color7\">Enseigne&nbsp;: <\/strong><span class=\"brz-cp-color7\">INFO-PRO Professionnels &amp; Particuliers<\/span><\/p><p class=\"brz-text-lg-center brz-fs-lg-20 brz-fs-sm-21 brz-fs-xs-21 brz-css-y3val\" data-generated-css=\"brz-css-vJmGG\" data-uniq-id=\"ndp2D\"><strong class=\"brz-cp-color7\">Num\u00e9ro Siret&nbsp;: <\/strong><span class=\"brz-cp-color7\">85171497200037<\/span><\/p><p class=\"brz-text-lg-center brz-fs-lg-20 brz-fs-sm-21 brz-fs-xs-21 brz-css-zu_Tn\" data-generated-css=\"brz-css-z5QS3\" data-uniq-id=\"cXIQ_\"><strong class=\"brz-cp-color7\">Code NAF\/APE&nbsp;: <\/strong><span class=\"brz-cp-color7\">4741Z (commerce de d\u00e9tail d&rsquo;ordinateurs, d&rsquo;unit\u00e9s p\u00e9riph\u00e9riques et de logiciels en magasin sp\u00e9cialis\u00e9)<\/span><\/p><p class=\"brz-text-lg-center brz-fs-lg-20 brz-fs-sm-21 brz-fs-xs-21 brz-css-oMmt7\" data-generated-css=\"brz-css-jw0XG\" data-uniq-id=\"ih11J\"><strong class=\"brz-cp-color7\">Date d&rsquo;immatriculation&nbsp;: <\/strong><span class=\"brz-cp-color7\">15\/01\/2022<\/span><\/p><p class=\"brz-text-lg-center brz-fs-lg-20 brz-fs-sm-21 brz-fs-xs-21 brz-css-bP1CP\" data-generated-css=\"brz-css-m1kl4\" data-uniq-id=\"lXWvd\"><br><\/p><p class=\"brz-text-lg-center brz-fs-lg-20 brz-fs-sm-21 brz-fs-xs-21 brz-css-ppoSj\" data-generated-css=\"brz-css-y229q\" data-uniq-id=\"qZcVX\"><span class=\"brz-cp-color7\">INFO-PRO Professionnels &amp; Particuliers<\/span><\/p><p class=\"brz-text-lg-center brz-fs-lg-20 brz-fs-sm-21 brz-fs-xs-21 brz-css-vIpb1\" data-generated-css=\"brz-css-i42K1\" data-uniq-id=\"hRc2t\"><span class=\"brz-cp-color7\">25 Boulevard de la Lib\u00e9ration<\/span><\/p><p class=\"brz-text-lg-center brz-fs-lg-20 brz-fs-sm-21 brz-fs-xs-21 brz-css-rjSE3\" data-generated-css=\"brz-css-hWrDx\" data-uniq-id=\"ddWpZ\"><span class=\"brz-cp-color7\">44220 COUERON <\/span><\/p><p class=\"brz-text-lg-center brz-fs-lg-20 brz-fs-sm-21 brz-fs-xs-21 brz-css-uGymz\" data-generated-css=\"brz-css-j4Jsl\" data-uniq-id=\"rBEWM\"><span class=\"brz-cp-color7\"> <\/span><\/p><p class=\"brz-text-lg-center brz-fs-lg-20 brz-fs-sm-21 brz-fs-xs-21 brz-css-h_ns1\" data-generated-css=\"brz-css-ifZyb\" data-uniq-id=\"sF0b6\"><span class=\"brz-cp-color7\"> <\/span><\/p><p class=\"brz-text-lg-center brz-fs-lg-20 brz-fs-sm-21 brz-fs-xs-21 brz-css-j29iI\" data-generated-css=\"brz-css-jnW4f\" data-uniq-id=\"ez8EQ\"><span class=\"brz-cp-color7\"> <\/span><\/p><p class=\"brz-text-lg-center brz-fs-sm-21 brz-fs-xs-21 brz-tp-lg-empty brz-ff-lato brz-ft-google brz-fs-lg-24 brz-fss-lg-px brz-fw-lg-400 brz-ls-lg-0 brz-lh-lg-1_3 brz-vfw-lg-400 brz-fwdth-lg-100 brz-fsft-lg-0 brz-css-wqIRV\" data-generated-css=\"brz-css-awFHq\" data-uniq-id=\"kkhIl\"><span class=\"brz-cp-color2\">HEBERGEMENT<\/span><\/p><p class=\"brz-text-lg-center brz-fs-lg-20 brz-fs-sm-21 brz-fs-xs-21 brz-css-qLOXd\" data-generated-css=\"brz-css-jNSOp\" data-uniq-id=\"xLgmL\"><span class=\"brz-cp-color7\"> <\/span><\/p><p class=\"brz-text-lg-center brz-fs-lg-20 brz-fs-sm-21 brz-fs-xs-21 brz-css-nCvCi\" data-generated-css=\"brz-css-nh47o\" data-uniq-id=\"mHypw\"><span class=\"brz-cp-color7\"> Ce site est h\u00e9berg\u00e9 par la soci\u00e9t\u00e9 OVH :&nbsp;<\/span><span class=\"brz-cp-color7\">http:\/\/www.ovh.com<\/span><\/p><p class=\"brz-text-lg-center brz-fs-lg-20 brz-fs-sm-21 brz-fs-xs-21 brz-css-vOeGO\" data-generated-css=\"brz-css-w3cVr\" data-uniq-id=\"d4SzZ\"><span class=\"brz-cp-color7\">Le nom de domaine est h\u00e9berg\u00e9 par la soci\u00e9t\u00e9 OVH :&nbsp;<\/span><span class=\"brz-cp-color7\">http:\/\/www.ovh.com<\/span><\/p><p class=\"brz-text-lg-center brz-fs-lg-20 brz-fs-sm-21 brz-fs-xs-21 brz-css-oyigc\" data-generated-css=\"brz-css-qJfFg\" data-uniq-id=\"lSFCI\"><span class=\"brz-cp-color7\">OVH SAS au capital de 10 069 020 \u20ac RCS Lille M\u00e9tropole 424 761 419 00045<\/span><\/p><p class=\"brz-text-lg-center brz-fs-lg-20 brz-fs-sm-21 brz-fs-xs-21 brz-css-cIEKl\" data-generated-css=\"brz-css-sqzJK\" data-uniq-id=\"ilqPA\"><span class=\"brz-cp-color7\">Si\u00e8ge social : 2 rue Kellermann &#8211; 59100 Roubaix &#8211; France. <\/span><\/p><p class=\"brz-text-lg-center brz-fs-lg-20 brz-fs-sm-21 brz-fs-xs-21 brz-css-r0WlY\" data-generated-css=\"brz-css-pXNnB\" data-uniq-id=\"oWm8K\"><span class=\"brz-cp-color7\"> <\/span><\/p><p class=\"brz-text-lg-center brz-fs-lg-20 brz-fs-sm-21 brz-fs-xs-21 brz-css-b2L9i\" data-generated-css=\"brz-css-wTKmD\" data-uniq-id=\"aESdo\"><span class=\"brz-cp-color7\"> <\/span><\/p><p class=\"brz-text-lg-center brz-fs-lg-20 brz-fs-sm-21 brz-fs-xs-21 brz-css-kVMRa\" data-generated-css=\"brz-css-xc945\" data-uniq-id=\"u6S5G\"><span class=\"brz-cp-color7\"> <\/span><\/p><p class=\"brz-fsft-lg-0 brz-fwdth-lg-100 brz-vfw-lg-400 brz-lh-lg-1_3 brz-ls-lg-0 brz-fw-lg-400 brz-fss-lg-px brz-fs-lg-24 brz-ft-google brz-ff-lato brz-tp-lg-empty brz-text-lg-center brz-fs-sm-21 brz-fs-xs-21 brz-css-b20Tu\" data-generated-css=\"brz-css-pG8Hq\" data-uniq-id=\"dfy3H\"><span>RGPD<\/span><\/p><p class=\"brz-text-lg-center brz-fs-lg-20 brz-fs-sm-21 brz-fs-xs-21 brz-css-bj2Zo\" data-generated-css=\"brz-css-u1KT1\" data-uniq-id=\"qwBWC\"><span class=\"brz-cp-color7\"> <\/span><\/p><p class=\"brz-text-lg-center brz-fs-lg-20 brz-fs-sm-21 brz-fs-xs-21 brz-css-thesy\" data-generated-css=\"brz-css-lQTI5\" data-uniq-id=\"pDwVP\"><span>Le site&nbsp;a pour objet de fournir une information concernant l\u2019ensemble des activit\u00e9s de la soci\u00e9t\u00e9. Les informations fournies se veulent les plus pr\u00e9cises possibles, toutefois, la SAS GROUPE A2EXPERTS ne pourra \u00eatre tenue responsable des omissions, des inexactitudes et des carences dans la mise \u00e0 jour, qu\u2019elles soient de son fait ou du fait des tiers partenaires qui lui fournissent ces informations. Toutes les informations du site sont donn\u00e9es \u00e0 titre indicatif, et sont susceptibles d\u2019\u00e9voluer. <\/span><\/p><p class=\"brz-text-lg-center brz-fs-lg-20 brz-fs-sm-21 brz-fs-xs-21 brz-css-laSrw\" data-generated-css=\"brz-css-sDsGT\" data-uniq-id=\"rLriH\"><span> <\/span><\/p><p class=\"brz-text-lg-center brz-fs-lg-20 brz-fs-sm-21 brz-fs-xs-21 brz-css-q5S5Z\" data-generated-css=\"brz-css-jo8qE\" data-uniq-id=\"vuvP9\"><span>La SAS GROUPE A2EXPERTS est propri\u00e9taire des droits de propri\u00e9t\u00e9 intellectuelle ou d\u00e9tient les droits d\u2019usage sur tous les \u00e9l\u00e9ments accessibles sur le site, notamment les textes, images, graphismes, logo, ic\u00f4nes, sons, logiciels. Toute reproduction, repr\u00e9sentation, modification, publication, adaptation de tout ou partie des \u00e9l\u00e9ments du site, quel que soit le moyen ou le proc\u00e9d\u00e9 utilis\u00e9, est interdite, sauf autorisation \u00e9crite pr\u00e9alable. Toute exploitation non autoris\u00e9e du site ou de l\u2019un quelconque des \u00e9l\u00e9ments qu\u2019il contient sera consid\u00e9r\u00e9e comme constitutive d\u2019une contrefa\u00e7on et poursuivie conform\u00e9ment aux dispositions des articles L.335-2 et suivants du Code de Propri\u00e9t\u00e9 Intellectuelle.<\/span><\/p><p class=\"brz-text-lg-center brz-fs-lg-20 brz-fs-sm-21 brz-fs-xs-21 brz-css-aYqzh\" data-generated-css=\"brz-css-uDVuz\" data-uniq-id=\"s1Bcq\"><br><\/p><p class=\"brz-text-lg-center brz-fs-lg-20 brz-fs-sm-21 brz-fs-xs-21 brz-css-ujA7h\" data-generated-css=\"brz-css-dRD_M\" data-uniq-id=\"dIlFy\"><span>En France, les donn\u00e9es personnelles sont notamment prot\u00e9g\u00e9es par la loi n\u00b0 78-87 du 6 janvier 1978, la loi n\u00b0 2004-801 du 6 ao\u00fbt 2004, l\u2019article L. 226-13 du Code p\u00e9nal et la Directive Europ\u00e9enne du 24 octobre 1995. A l\u2019occasion de l\u2019utilisation du site&nbsp;www.alerteinfo.com, des donn\u00e9es peuvent \u00eatre recueillies : l\u2019URL des liens par l\u2019interm\u00e9diaire desquels l\u2019utilisateur a acc\u00e9d\u00e9 au site&nbsp;www.alerteinfo.com, le fournisseur d\u2019acc\u00e8s de l\u2019utilisateur, l\u2019adresse de protocole Internet (IP) de l\u2019utilisateur. En tout \u00e9tat de cause&nbsp;la SAS GROUPE A2EXPERTS ne collecte des informations personnelles relatives \u00e0 l\u2019utilisateur que pour le besoin de certains services propos\u00e9s par le site. L\u2019utilisateur fournit ces informations en toute connaissance de cause, notamment lorsqu\u2019il proc\u00e8de par lui-m\u00eame \u00e0 leur saisie. Il est alors pr\u00e9cis\u00e9 \u00e0 l\u2019utilisateur du site&nbsp;l\u2019obligation ou non de fournir ces informations.<\/span><\/p><p class=\"brz-text-lg-center brz-fs-lg-20 brz-fs-sm-21 brz-fs-xs-21 brz-css-iNm8A\" data-generated-css=\"brz-css-pR5BJ\" data-uniq-id=\"ygFui\"><span>Conform\u00e9ment aux dispositions des articles 38 et suivants de la loi 78-17 du 6 janvier 1978 relative \u00e0 l\u2019informatique, aux fichiers et aux libert\u00e9s, tout utilisateur dispose d\u2019un droit d\u2019acc\u00e8s, de rectification et d\u2019opposition aux donn\u00e9es personnelles le concernant, en effectuant sa demande \u00e9crite et sign\u00e9e, accompagn\u00e9e d\u2019une copie du titre d\u2019identit\u00e9 avec signature du titulaire de la pi\u00e8ce, en pr\u00e9cisant l\u2019adresse \u00e0 laquelle la r\u00e9ponse doit \u00eatre envoy\u00e9e.<\/span><\/p><p class=\"brz-text-lg-center brz-fs-lg-20 brz-fs-sm-21 brz-fs-xs-21 brz-css-kvvPx\" data-generated-css=\"brz-css-du_kb\" data-uniq-id=\"csmxB\"><br><\/p><p class=\"brz-text-lg-center brz-fs-lg-20 brz-fs-sm-21 brz-fs-xs-21 brz-css-mBR_7\" data-generated-css=\"brz-css-oriEX\" data-uniq-id=\"dwgiG\"><span>Aucune information personnelle de l\u2019utilisateur du site&nbsp;n\u2019est publi\u00e9e \u00e0 l\u2019insu de l\u2019utilisateur, \u00e9chang\u00e9e, transf\u00e9r\u00e9e, c\u00e9d\u00e9e ou vendue sur un support quelconque \u00e0 des tiers. <\/span><\/p><p class=\"brz-text-lg-center brz-fs-lg-20 brz-fs-sm-21 brz-fs-xs-21 brz-css-g1Zh0\" data-generated-css=\"brz-css-fOFKh\" data-uniq-id=\"qj_Pl\"><br><\/p><p class=\"brz-text-lg-center brz-fs-lg-20 brz-fs-sm-21 brz-fs-xs-21 brz-css-vetAH\" data-generated-css=\"brz-css-laM9F\" data-uniq-id=\"xuLgz\"><span>Le site n\u2019est pas d\u00e9clar\u00e9 \u00e0 la CNIL car il ne recueille pas d\u2019informations personnelles.<\/span><\/p><p class=\"brz-text-lg-center brz-fs-lg-20 brz-fs-sm-21 brz-fs-xs-21 brz-css-aGSsz\" data-generated-css=\"brz-css-uN_vw\" data-uniq-id=\"tccVw\"><br><\/p><p class=\"brz-text-lg-center brz-fs-lg-20 brz-fs-sm-21 brz-fs-xs-21 brz-css-zjmIA\" data-generated-css=\"brz-css-ksIKn\" data-uniq-id=\"eIDFF\"><span>Les bases de donn\u00e9es sont prot\u00e9g\u00e9es par les dispositions de la loi du 1er juillet 1998 transposant la directive 96\/9 du 11 mars 1996 relative \u00e0 la protection juridique des bases de donn\u00e9es.<\/span><\/p><p class=\"brz-text-lg-center brz-fs-lg-20 brz-fs-sm-21 brz-fs-xs-21 brz-css-bxIsq\" data-generated-css=\"brz-css-b6UkY\" data-uniq-id=\"uzhn_\"><span> <\/span><\/p><p class=\"brz-text-lg-center brz-fs-lg-22 brz-fs-sm-23 brz-fs-xs-23 brz-css-lD9dq\" data-generated-css=\"brz-css-soAoa\" data-uniq-id=\"tO3hw\"><span>Tout litige en relation avec l\u2019utilisation du site&nbsp;www.alerteinfo.com&nbsp;est soumis au droit fran\u00e7ais. Il est fait attribution exclusive de juridiction aux tribunaux comp\u00e9tents de Nantes. <\/span><\/p><p class=\"brz-text-lg-center brz-fs-lg-22 brz-fs-sm-23 brz-fs-xs-23 brz-tp-lg-paragraph brz-css-qJuYp\" data-generated-css=\"brz-css-aMGks\" data-uniq-id=\"aCabY\"><span>Propri\u00e9t\u00e9 du site : SAS GROUPE A2EXPERTS<\/span><\/p><p class=\"brz-text-lg-center brz-fs-lg-20 brz-fs-sm-21 brz-fs-xs-21 brz-css-ftTdZ\" data-generated-css=\"brz-css-mr9Cr\" data-uniq-id=\"v4S_b\"><span class=\"brz-cp-color7\"> <\/span><\/p><\/div><\/div><\/div><\/div><\/div><\/section>\n    <\/div><!-- version:1761602870 -->","protected":false},"excerpt":{"rendered":"<p>MENTIONS LEGALES &#8211; RGPD Alerte Informatique est l&rsquo;activit\u00e9 grand public de la SAS Groupe A2 EXPERTS. GROUPE A2EXPERTS est une Soci\u00e9t\u00e9 par Actions Simplifi\u00e9es au capital de 20 000 euros186 bis rue des Coupries &#8211; 44115 BASSE-GOULAINET\u00e9l : 02.40.56.49.65 Num\u00e9ro Siret&nbsp;: 85171497200011 (si\u00e8ge de l&rsquo;entreprise)Num\u00e9ro TVA intracommunautaire&nbsp;: FR28851714972Greffe&nbsp;: RCS Nantes immatricul\u00e9e le 01\/07\/2019Code NAF \/&hellip; <br \/> <a class=\"button small blue\" href=\"https:\/\/alerteinfo.com\/?page_id=1189\">Lire la suite<\/a><\/p>\n","protected":false},"author":1,"featured_media":0,"parent":0,"menu_order":0,"comment_status":"closed","ping_status":"closed","template":"brizy-blank-template.php","meta":{"footnotes":""},"class_list":["post-1189","page","type-page","status-publish","hentry"],"brizy_media":[{"id":2957,"url":"https:\/\/alerteinfo.com\/wp-content\/uploads\/2025\/11\/mantenimiento-informatico-pfms-blog-1080x675-1.webp","name":"mantenimiento-informatico-pfms-blog-1080x675-1.webp","meta":{"brizy_attachment_uid":"wp-4204d55e5059cb1b9947ce2daed72c36.webp","brizy_post_uid":["a61e87244102af0e90d3d13ac495b4f9"]}},{"id":1196,"url":"https:\/\/alerteinfo.com\/wp-content\/uploads\/2022\/02\/wp-c6fdab8e0ef2d114d122e1deea5e3fc8.jpg","name":"wp-c6fdab8e0ef2d114d122e1deea5e3fc8.jpg","meta":{"brizy_attachment_uid":"wp-c6fdab8e0ef2d114d122e1deea5e3fc8.jpg","brizy_post_uid":["a61e87244102af0e90d3d13ac495b4f9"]}},{"id":1257,"url":"https:\/\/alerteinfo.com\/wp-content\/uploads\/2022\/02\/Alerte-Informatique-3.png","name":"Alerte-Informatique-3.png","meta":{"brizy_attachment_uid":"wp-d127958892669adaca99e1621a3b3f47.png","brizy_post_uid":["a61e87244102af0e90d3d13ac495b4f9"]}},{"id":2963,"url":"https:\/\/alerteinfo.com\/wp-content\/uploads\/2025\/11\/Logo-horizontal.png","name":"Logo-horizontal.png","meta":{"brizy_attachment_uid":"wp-5aa501d9a40642605142ee34d678ab73.png","brizy_post_uid":["a61e87244102af0e90d3d13ac495b4f9"]}},{"id":2087,"url":"https:\/\/alerteinfo.com\/wp-content\/uploads\/2024\/05\/Logiciels.jpeg","name":"Logiciels.jpeg","meta":{"brizy_attachment_uid":"wp-1f610e7eae8c727089d098160660c55b.jpeg","brizy_post_uid":["a61e87244102af0e90d3d13ac495b4f9"]}},{"id":1355,"url":"https:\/\/alerteinfo.com\/wp-content\/uploads\/2022\/02\/terra-computer-offer.jpeg","name":"terra-computer-offer.jpeg","meta":{"brizy_attachment_uid":"wp-d4067fdcc7bd003b825620b8fcd52038.jpeg","brizy_post_uid":["a61e87244102af0e90d3d13ac495b4f9"]}},{"id":1504,"url":"https:\/\/alerteinfo.com\/wp-content\/uploads\/2022\/08\/Alerte-Informatique.png","name":"Alerte-Informatique.png","meta":{"brizy_attachment_uid":"wp-89ab84b3c9887910c91f541d38204cd7.png","brizy_post_uid":["a61e87244102af0e90d3d13ac495b4f9"]}},{"id":1304,"url":"https:\/\/alerteinfo.com\/wp-content\/uploads\/2022\/02\/cropped-Alerte-Informatique-3.png","name":"cropped-Alerte-Informatique-3.png","meta":{"brizy_attachment_uid":"wp-630cee974fd8b358a5fb2ef84133478d.png","brizy_post_uid":["a61e87244102af0e90d3d13ac495b4f9"]}},{"id":2823,"url":"https:\/\/alerteinfo.com\/wp-content\/uploads\/2025\/10\/20251008Logovisuelbureau-scaled.png","name":"20251008Logovisuelbureau.png","meta":{"brizy_attachment_uid":"wp-e77130a8a267097f982bfcb8afc73fd7.png","brizy_post_uid":["a61e87244102af0e90d3d13ac495b4f9","d06d67663d6d0dad1063e5bb9e74cf8f"]}},{"id":2141,"url":"https:\/\/alerteinfo.com\/wp-content\/uploads\/2024\/05\/informatique-aide-personne.png","name":"informatique-aide-personne.png","meta":{"brizy_attachment_uid":"wp-5ee2f5f8ce4a345a9eb1156a78e5715b.png","brizy_post_uid":["a61e87244102af0e90d3d13ac495b4f9"]}},{"id":2929,"url":"https:\/\/alerteinfo.com\/wp-content\/uploads\/2025\/11\/infogerence-scaled-1.jpg","name":"infogerence-scaled-1.jpg","meta":{"brizy_attachment_uid":"wp-21191ec2bfd8e79443da0b0e77675d10.jpg","brizy_post_uid":["a61e87244102af0e90d3d13ac495b4f9"]}},{"id":2952,"url":"https:\/\/alerteinfo.com\/wp-content\/uploads\/2025\/11\/istockphoto-1394199344-612x612-1.jpg","name":"istockphoto-1394199344-612x612-1.jpg","meta":{"brizy_attachment_uid":"wp-f56d2df70c6431288d5b59288fde3ac6.jpg","brizy_post_uid":["a61e87244102af0e90d3d13ac495b4f9"]}},{"id":2327,"url":"https:\/\/alerteinfo.com\/wp-content\/uploads\/2024\/05\/SiteAI-accueil.png","name":"SiteAI-accueil.png","meta":{"brizy_attachment_uid":"wp-7bf27437af94aa2c62a3db12a49bd274.png","brizy_post_uid":["a61e87244102af0e90d3d13ac495b4f9"]}},{"id":2491,"url":"https:\/\/alerteinfo.com\/wp-content\/uploads\/2024\/05\/SiteAI-accueil-bonhomme.png","name":"SiteAI-accueil-bonhomme.png","meta":{"brizy_attachment_uid":"wp-1bb58499fad57c353e3604888c93ee2b.png","brizy_post_uid":["a61e87244102af0e90d3d13ac495b4f9"]}},{"id":2902,"url":"https:\/\/alerteinfo.com\/wp-content\/uploads\/2025\/10\/Logo-horizontal.png","name":"Logo-horizontal.png","meta":{"brizy_attachment_uid":"wp-7879cdd11e5bfb1110dfc1499093fe69.png","brizy_post_uid":["a61e87244102af0e90d3d13ac495b4f9"]}}],"_links":{"self":[{"href":"https:\/\/alerteinfo.com\/index.php?rest_route=\/wp\/v2\/pages\/1189","targetHints":{"allow":["GET"]}}],"collection":[{"href":"https:\/\/alerteinfo.com\/index.php?rest_route=\/wp\/v2\/pages"}],"about":[{"href":"https:\/\/alerteinfo.com\/index.php?rest_route=\/wp\/v2\/types\/page"}],"author":[{"embeddable":true,"href":"https:\/\/alerteinfo.com\/index.php?rest_route=\/wp\/v2\/users\/1"}],"replies":[{"embeddable":true,"href":"https:\/\/alerteinfo.com\/index.php?rest_route=%2Fwp%2Fv2%2Fcomments&post=1189"}],"version-history":[{"count":15,"href":"https:\/\/alerteinfo.com\/index.php?rest_route=\/wp\/v2\/pages\/1189\/revisions"}],"predecessor-version":[{"id":2920,"href":"https:\/\/alerteinfo.com\/index.php?rest_route=\/wp\/v2\/pages\/1189\/revisions\/2920"}],"wp:attachment":[{"href":"https:\/\/alerteinfo.com\/index.php?rest_route=%2Fwp%2Fv2%2Fmedia&parent=1189"}],"curies":[{"name":"wp","href":"https:\/\/api.w.org\/{rel}","templated":true}]}}